{"id":7260,"date":"2024-11-26T11:04:39","date_gmt":"2024-11-26T09:04:39","guid":{"rendered":"https:\/\/olesijasaue.com\/?page_id=7260"},"modified":"2025-09-30T20:02:22","modified_gmt":"2025-09-30T18:02:22","slug":"digikuvandi-optimeerimine","status":"publish","type":"page","link":"https:\/\/olesijasaue.com\/et\/teenused\/digikuvandi-optimeerimine\/","title":{"rendered":"Digikuvandi optimeerimine"},"content":{"rendered":"[vc_row type=&#8221;in_container&#8221; full_screen_row_position=&#8221;middle&#8221; column_margin=&#8221;default&#8221; column_direction=&#8221;default&#8221; column_direction_tablet=&#8221;default&#8221; column_direction_phone=&#8221;default&#8221; scene_position=&#8221;center&#8221; text_color=&#8221;dark&#8221; text_align=&#8221;left&#8221; row_border_radius=&#8221;none&#8221; row_border_radius_applies=&#8221;bg&#8221; overflow=&#8221;visible&#8221; overlay_strength=&#8221;0.3&#8243; gradient_direction=&#8221;left_to_right&#8221; shape_divider_position=&#8221;bottom&#8221; bg_image_animation=&#8221;none&#8221;][vc_column column_padding=&#8221;no-extra-padding&#8221; column_padding_tablet=&#8221;inherit&#8221; column_padding_phone=&#8221;inherit&#8221; column_padding_position=&#8221;all&#8221; column_element_direction_desktop=&#8221;default&#8221; column_element_spacing=&#8221;default&#8221; desktop_text_alignment=&#8221;default&#8221; tablet_text_alignment=&#8221;default&#8221; phone_text_alignment=&#8221;default&#8221; background_color_opacity=&#8221;1&#8243; background_hover_color_opacity=&#8221;1&#8243; column_backdrop_filter=&#8221;none&#8221; column_shadow=&#8221;none&#8221; column_border_radius=&#8221;none&#8221; column_link_target=&#8221;_self&#8221; column_position=&#8221;default&#8221; gradient_direction=&#8221;left_to_right&#8221; overlay_strength=&#8221;0.3&#8243; width=&#8221;1\/1&#8243; tablet_width_inherit=&#8221;default&#8221; animation_type=&#8221;default&#8221; bg_image_animation=&#8221;none&#8221; border_type=&#8221;simple&#8221; column_border_width=&#8221;none&#8221; column_border_style=&#8221;solid&#8221;][split_line_heading animation_type=&#8221;line-reveal-by-space&#8221; font_style=&#8221;h1&#8243; line_reveal_by_space_text_effect=&#8221;default&#8221; content_alignment=&#8221;default&#8221; mobile_content_alignment=&#8221;inherit&#8221; link_target=&#8221;_self&#8221; text_content=&#8221;Digikuvandi optimeerimine&#8221; text_direction=&#8221;default&#8221;][\/split_line_heading][\/vc_column][\/vc_row][vc_row type=&#8221;full_width_background&#8221; full_screen_row_position=&#8221;middle&#8221; column_margin=&#8221;90px&#8221; column_direction=&#8221;default&#8221; column_direction_tablet=&#8221;default&#8221; column_direction_phone=&#8221;default&#8221; bg_color=&#8221;#ffffff&#8221; scene_position=&#8221;center&#8221; bottom_padding=&#8221;4%&#8221; text_color=&#8221;dark&#8221; text_align=&#8221;left&#8221; row_border_radius=&#8221;none&#8221; row_border_radius_applies=&#8221;bg&#8221; overflow=&#8221;visible&#8221; overlay_strength=&#8221;0.3&#8243; gradient_direction=&#8221;left_to_right&#8221; shape_divider_position=&#8221;bottom&#8221; bg_image_animation=&#8221;none&#8221; shape_type=&#8221;&#8221; gradient_type=&#8221;default&#8221;][vc_column column_padding=&#8221;padding-5-percent&#8221; column_padding_tablet=&#8221;inherit&#8221; column_padding_phone=&#8221;inherit&#8221; column_padding_position=&#8221;bottom&#8221; column_element_direction_desktop=&#8221;default&#8221; column_element_spacing=&#8221;default&#8221; desktop_text_alignment=&#8221;default&#8221; tablet_text_alignment=&#8221;default&#8221; phone_text_alignment=&#8221;default&#8221; background_color_opacity=&#8221;1&#8243; background_hover_color_opacity=&#8221;1&#8243; column_backdrop_filter=&#8221;none&#8221; column_shadow=&#8221;none&#8221; column_border_radius=&#8221;none&#8221; column_link_target=&#8221;_self&#8221; column_position=&#8221;default&#8221; gradient_direction=&#8221;left_to_right&#8221; overlay_strength=&#8221;0.3&#8243; width=&#8221;1\/1&#8243; tablet_width_inherit=&#8221;default&#8221; animation_type=&#8221;default&#8221; bg_image_animation=&#8221;none&#8221; border_type=&#8221;simple&#8221; column_border_width=&#8221;none&#8221; column_border_style=&#8221;solid&#8221;][vc_column_text css=&#8221;&#8221; text_direction=&#8221;default&#8221;]<b>Kellele:<\/b><\/p>\n<ul>\n<li style=\"font-weight: 400;\" aria-level=\"1\"><span style=\"font-weight: 400;\">spetsialistid, juhid ja eksperdid, kes soovivad, et digikuvand peegeldaks tegelikku taset<\/span><\/li>\n<li style=\"font-weight: 400;\" aria-level=\"1\"><span style=\"font-weight: 400;\">need, kes tahavad j\u00e4tta <\/span><b>usaldusv\u00e4\u00e4rse esmamulje<\/b><span style=\"font-weight: 400;\"> ja eristuda<\/span>&nbsp;<\/li>\n<li style=\"font-weight: 400;\" aria-level=\"1\"><span style=\"font-weight: 400;\">profiilid on aegunud\/killustatud ja vajavad professionaalset uuendust<\/span>&nbsp;<\/li>\n<\/ul>\n<p><b>Millal:<\/b><\/p>\n<ul>\n<li style=\"font-weight: 400;\" aria-level=\"1\"><span style=\"font-weight: 400;\">vajad terviklikku ja <\/span><b>kiiret<\/b><span style=\"font-weight: 400;\"> kuvandiuuendust<\/span><\/li>\n<li style=\"font-weight: 400;\" aria-level=\"1\"><span style=\"font-weight: 400;\">soovid, et <\/span><b>teeme t\u00f6\u00f6 sinu eest \u00e4ra<\/b><span style=\"font-weight: 400;\"> (mitte ainult juhised)<\/span><\/li>\n<li style=\"font-weight: 400;\" aria-level=\"1\"><span style=\"font-weight: 400;\">tahad lisaks profiilidele <\/span><b>isiklikku veebivisiitkaarti<\/b>&nbsp;<\/li>\n<\/ul>\n<p><b>Sisaldab:<\/b><\/p>\n<ul>\n<li style=\"font-weight: 400;\" aria-level=\"1\"><b>Kuvandiaudit:<\/b><span style=\"font-weight: 400;\"> kuidas sind t\u00e4na tajutakse ja mis vajab muutust<\/span><\/li>\n<li style=\"font-weight: 400;\" aria-level=\"1\"><b>Profiilide optimeerimine:<\/b><span style=\"font-weight: 400;\"> LinkedIn, Facebook, Instagram \u2013 tekstid ja visuaalid teeme korda<\/span><\/li>\n<li style=\"font-weight: 400;\" aria-level=\"1\"><b>Uued professionaalsed fotod:<\/b><span style=\"font-weight: 400;\"> usaldust loov visuaal (koordinatsioon ja suunised)<\/span><\/li>\n<li style=\"font-weight: 400;\" aria-level=\"1\"><b>Konkurentide anal\u00fc\u00fcs:<\/b><span style=\"font-weight: 400;\"> sinu unikaalne positsioon ja eristumine<\/span><\/li>\n<li style=\"font-weight: 400;\" aria-level=\"1\"><b>Br\u00e4ndilugu ja positsioneerimine:<\/b><span style=\"font-weight: 400;\"> \u00fchtne narratiiv k\u00f5ikides kanalites<\/span>&nbsp;<\/li>\n<\/ul>\n<p><b>Valik: Personaalne one\u2011pager veebileht<\/b><\/p>\n<ul>\n<li style=\"font-weight: 400;\" aria-level=\"1\"><span style=\"font-weight: 400;\">moodne \u00fche-lehe isiklik veebileht (lugu, teenused, visuaalid, kontaktid)<\/span><\/li>\n<li style=\"font-weight: 400;\" aria-level=\"1\"><span style=\"font-weight: 400;\">ideaalne klientidele\/partneritele\/esinemistele \u2013 <\/span><b>t\u00e4ielik \u00fclevaade \u00fches kohas<\/b>&nbsp;<\/li>\n<\/ul>\n<p><b>Tulemused:<\/b><\/p>\n<ul>\n<li style=\"font-weight: 400;\" aria-level=\"1\"><span style=\"font-weight: 400;\">professionaalselt optimeeritud ja <\/span><b>eristuv<\/b><span style=\"font-weight: 400;\"> digikuvand<\/span><\/li>\n<li style=\"font-weight: 400;\" aria-level=\"1\"><span style=\"font-weight: 400;\">profiilid ja visuaalid <\/span><b>t\u00f6\u00f6tavad sinu eesm\u00e4rkide nimel<\/b><\/li>\n<li style=\"font-weight: 400;\" aria-level=\"1\"><span style=\"font-weight: 400;\">sind tajutakse <\/span><b>eksperdi ja v\u00f5tmeisikuna<\/b><\/li>\n<li style=\"font-weight: 400;\" aria-level=\"1\"><span style=\"font-weight: 400;\">one\u2011pager annab kaasaegse, usaldusv\u00e4\u00e4rse esmamulje<\/span>&nbsp;<\/li>\n<\/ul>\n<p><b>Investeering:<\/b><span style=\"font-weight: 400;\"> 950 \u20ac + km<\/span><span style=\"font-weight: 400;\"><br \/>\n<\/span> <b>+ Personaalne one\u2011pager veebileht (valik):<\/b><span style=\"font-weight: 400;\"> 1 950 \u20ac + km<\/span>[\/vc_column_text][vc_row_inner column_margin=&#8221;default&#8221; column_direction=&#8221;default&#8221; column_direction_tablet=&#8221;default&#8221; column_direction_phone=&#8221;default&#8221; top_padding=&#8221;4%&#8221; text_align=&#8221;left&#8221; row_position=&#8221;default&#8221; row_position_tablet=&#8221;inherit&#8221; row_position_phone=&#8221;inherit&#8221; overflow=&#8221;visible&#8221; pointer_events=&#8221;all&#8221;][vc_column_inner column_padding=&#8221;no-extra-padding&#8221; column_padding_tablet=&#8221;inherit&#8221; column_padding_phone=&#8221;inherit&#8221; column_padding_position=&#8221;all&#8221; column_element_direction_desktop=&#8221;default&#8221; column_element_spacing=&#8221;default&#8221; desktop_text_alignment=&#8221;default&#8221; tablet_text_alignment=&#8221;default&#8221; phone_text_alignment=&#8221;default&#8221; background_color_opacity=&#8221;1&#8243; background_hover_color_opacity=&#8221;1&#8243; column_backdrop_filter=&#8221;none&#8221; column_shadow=&#8221;none&#8221; column_border_radius=&#8221;none&#8221; column_link_target=&#8221;_self&#8221; overflow=&#8221;visible&#8221; gradient_direction=&#8221;left_to_right&#8221; overlay_strength=&#8221;0.3&#8243; width=&#8221;1\/2&#8243; tablet_width_inherit=&#8221;small_desktop&#8221; animation_type=&#8221;default&#8221; enable_animation=&#8221;true&#8221; animation=&#8221;fade-in-from-bottom&#8221; animation_easing=&#8221;default&#8221; bg_image_animation=&#8221;none&#8221; border_type=&#8221;simple&#8221; column_border_width=&#8221;none&#8221; column_border_style=&#8221;solid&#8221; delay=&#8221;100&#8243;]<div class=\"nectar-fancy-ul\" data-list-icon=\"dot\" data-animation=\"false\" data-animation-delay=\"0\" data-spacing=\"default\" data-alignment=\"left\"> \n<ul>\n<li><strong>Enhance your online presence<\/strong><br \/>\nParticipants will learn how to effectively optimize LinkedIn profile to showcase\u00a0 skills, experience, and personal brand. This can help your company\u00a0 to stand out from the competition, attract potential employees, partners or clients, and increase visibility &amp; credibility.<\/li>\n<li><strong>Leverage LinkedIn\u2019s Tools and Features<\/strong><br \/>\nCustomized LinkedIn training will equip you with the necessary knowledge and skills to utilize LinkedIn\u2019s various tools and features to their full potential. This includes learning how to effectively use LinkedIn to grow network, reach new audiences, create relevant content and share with impact which can help you advance your career, get sales leads, attract talents and grow your network, and build your online reputation.<\/li>\n<\/ul>\n <\/div>[\/vc_column_inner][vc_column_inner column_padding=&#8221;no-extra-padding&#8221; column_padding_tablet=&#8221;inherit&#8221; column_padding_phone=&#8221;inherit&#8221; column_padding_position=&#8221;all&#8221; column_element_direction_desktop=&#8221;default&#8221; column_element_spacing=&#8221;default&#8221; desktop_text_alignment=&#8221;default&#8221; tablet_text_alignment=&#8221;default&#8221; phone_text_alignment=&#8221;default&#8221; background_color_opacity=&#8221;1&#8243; background_hover_color_opacity=&#8221;1&#8243; column_backdrop_filter=&#8221;none&#8221; column_shadow=&#8221;none&#8221; column_border_radius=&#8221;none&#8221; column_link_target=&#8221;_self&#8221; overflow=&#8221;visible&#8221; gradient_direction=&#8221;left_to_right&#8221; overlay_strength=&#8221;0.3&#8243; width=&#8221;1\/2&#8243; tablet_width_inherit=&#8221;small_desktop&#8221; animation_type=&#8221;default&#8221; enable_animation=&#8221;true&#8221; animation=&#8221;fade-in-from-bottom&#8221; animation_easing=&#8221;default&#8221; bg_image_animation=&#8221;none&#8221; border_type=&#8221;simple&#8221; column_border_width=&#8221;none&#8221; column_border_style=&#8221;solid&#8221; delay=&#8221;200&#8243;]<div class=\"nectar-fancy-ul\" data-list-icon=\"dot\" data-animation=\"false\" data-animation-delay=\"0\" data-spacing=\"default\" data-alignment=\"left\"> \n<ul>\n<li><strong>Build though-leadership<\/strong><br \/>\nThought leadership is a powerful tool for establishing your company and team members as experts and influencers in your industry. By demonstrating deep knowledge and providing valuable insights, you can build credibility, trust, and authority. In this section of our course, we will guide you through the process of building thought leadership on LinkedIn.<\/li>\n<li><strong>Grow your circle of influence strategically<\/strong><br \/>\nExpanding your circle of influence strategically on LinkedIn can open doors to new opportunities, partnerships, and collaborations. By connecting with the right people and nurturing these relationships, you can position yourself and your company as a key player in your industry.<\/li>\n<\/ul>\n <\/div>[\/vc_column_inner][\/vc_row_inner][\/vc_column][\/vc_row][vc_row type=&#8221;full_width_background&#8221; full_screen_row_position=&#8221;middle&#8221; column_margin=&#8221;90px&#8221; column_direction=&#8221;default&#8221; column_direction_tablet=&#8221;default&#8221; column_direction_phone=&#8221;default&#8221; bg_color=&#8221;#f2f4fa&#8221; scene_position=&#8221;center&#8221; top_padding=&#8221;4%&#8221; constrain_group_1=&#8221;yes&#8221; bottom_padding=&#8221;4%&#8221; text_color=&#8221;dark&#8221; text_align=&#8221;left&#8221; row_border_radius=&#8221;none&#8221; row_border_radius_applies=&#8221;bg&#8221; overflow=&#8221;visible&#8221; overlay_strength=&#8221;0.3&#8243; gradient_direction=&#8221;left_to_right&#8221; shape_divider_position=&#8221;bottom&#8221; bg_image_animation=&#8221;none&#8221; shape_type=&#8221;&#8221; gradient_type=&#8221;default&#8221;][vc_column column_padding=&#8221;padding-5-percent&#8221; column_padding_tablet=&#8221;inherit&#8221; column_padding_phone=&#8221;inherit&#8221; column_padding_position=&#8221;bottom&#8221; column_element_direction_desktop=&#8221;default&#8221; column_element_spacing=&#8221;default&#8221; desktop_text_alignment=&#8221;default&#8221; tablet_text_alignment=&#8221;default&#8221; phone_text_alignment=&#8221;default&#8221; background_color_opacity=&#8221;1&#8243; background_hover_color_opacity=&#8221;1&#8243; column_backdrop_filter=&#8221;none&#8221; column_shadow=&#8221;none&#8221; column_border_radius=&#8221;none&#8221; column_link_target=&#8221;_self&#8221; column_position=&#8221;default&#8221; gradient_direction=&#8221;left_to_right&#8221; overlay_strength=&#8221;0.3&#8243; width=&#8221;1\/1&#8243; tablet_width_inherit=&#8221;default&#8221; animation_type=&#8221;default&#8221; bg_image_animation=&#8221;none&#8221; border_type=&#8221;simple&#8221; column_border_width=&#8221;none&#8221; column_border_style=&#8221;solid&#8221;][split_line_heading animation_type=&#8221;line-reveal-by-space&#8221; font_style=&#8221;h2&#8243; line_reveal_by_space_text_effect=&#8221;default&#8221; content_alignment=&#8221;default&#8221; mobile_content_alignment=&#8221;inherit&#8221; link_target=&#8221;_self&#8221; text_content=&#8221;Benefits&#8221; text_direction=&#8221;default&#8221;][\/split_line_heading][\/vc_column][\/vc_row]\n","protected":false},"excerpt":{"rendered":"<p>[vc_row type=&#8221;in_container&#8221; full_screen_row_position=&#8221;middle&#8221; column_margin=&#8221;default&#8221; column_direction=&#8221;default&#8221; column_direction_tablet=&#8221;default&#8221; column_direction_phone=&#8221;default&#8221; scene_position=&#8221;center&#8221; text_color=&#8221;dark&#8221; text_align=&#8221;left&#8221; row_border_radius=&#8221;none&#8221; row_border_radius_applies=&#8221;bg&#8221; overflow=&#8221;visible&#8221; overlay_strength=&#8221;0.3&#8243; gradient_direction=&#8221;left_to_right&#8221; shape_divider_position=&#8221;bottom&#8221; bg_image_animation=&#8221;none&#8221;][vc_column column_padding=&#8221;no-extra-padding&#8221; column_padding_tablet=&#8221;inherit&#8221; column_padding_phone=&#8221;inherit&#8221; column_padding_position=&#8221;all&#8221; column_element_direction_desktop=&#8221;default&#8221; column_element_spacing=&#8221;default&#8221; desktop_text_alignment=&#8221;default&#8221; tablet_text_alignment=&#8221;default&#8221; phone_text_alignment=&#8221;default&#8221; background_color_opacity=&#8221;1&#8243; background_hover_color_opacity=&#8221;1&#8243; column_backdrop_filter=&#8221;none&#8221; column_shadow=&#8221;none&#8221;&#8230;<\/p>\n","protected":false},"author":9,"featured_media":0,"parent":7233,"menu_order":0,"comment_status":"closed","ping_status":"closed","template":"","meta":{"footnotes":""},"class_list":["post-7260","page","type-page","status-publish"],"_links":{"self":[{"href":"https:\/\/olesijasaue.com\/et\/wp-json\/wp\/v2\/pages\/7260","targetHints":{"allow":["GET"]}}],"collection":[{"href":"https:\/\/olesijasaue.com\/et\/wp-json\/wp\/v2\/pages"}],"about":[{"href":"https:\/\/olesijasaue.com\/et\/wp-json\/wp\/v2\/types\/page"}],"author":[{"embeddable":true,"href":"https:\/\/olesijasaue.com\/et\/wp-json\/wp\/v2\/users\/9"}],"replies":[{"embeddable":true,"href":"https:\/\/olesijasaue.com\/et\/wp-json\/wp\/v2\/comments?post=7260"}],"version-history":[{"count":2,"href":"https:\/\/olesijasaue.com\/et\/wp-json\/wp\/v2\/pages\/7260\/revisions"}],"predecessor-version":[{"id":7262,"href":"https:\/\/olesijasaue.com\/et\/wp-json\/wp\/v2\/pages\/7260\/revisions\/7262"}],"up":[{"embeddable":true,"href":"https:\/\/olesijasaue.com\/et\/wp-json\/wp\/v2\/pages\/7233"}],"wp:attachment":[{"href":"https:\/\/olesijasaue.com\/et\/wp-json\/wp\/v2\/media?parent=7260"}],"curies":[{"name":"wp","href":"https:\/\/api.w.org\/{rel}","templated":true}]}}