{"id":7254,"date":"2024-11-26T11:04:39","date_gmt":"2024-11-26T09:04:39","guid":{"rendered":"https:\/\/olesijasaue.com\/?page_id=7254"},"modified":"2025-09-30T19:59:23","modified_gmt":"2025-09-30T17:59:23","slug":"selguse-sessioon","status":"publish","type":"page","link":"https:\/\/olesijasaue.com\/et\/teenused\/selguse-sessioon\/","title":{"rendered":"Selguse sessioon (NLP baasil)"},"content":{"rendered":"[vc_row type=&#8221;in_container&#8221; full_screen_row_position=&#8221;middle&#8221; column_margin=&#8221;default&#8221; column_direction=&#8221;default&#8221; column_direction_tablet=&#8221;default&#8221; column_direction_phone=&#8221;default&#8221; scene_position=&#8221;center&#8221; text_color=&#8221;dark&#8221; text_align=&#8221;left&#8221; row_border_radius=&#8221;none&#8221; row_border_radius_applies=&#8221;bg&#8221; overflow=&#8221;visible&#8221; overlay_strength=&#8221;0.3&#8243; gradient_direction=&#8221;left_to_right&#8221; shape_divider_position=&#8221;bottom&#8221; bg_image_animation=&#8221;none&#8221;][vc_column column_padding=&#8221;no-extra-padding&#8221; column_padding_tablet=&#8221;inherit&#8221; column_padding_phone=&#8221;inherit&#8221; column_padding_position=&#8221;all&#8221; column_element_direction_desktop=&#8221;default&#8221; column_element_spacing=&#8221;default&#8221; desktop_text_alignment=&#8221;default&#8221; tablet_text_alignment=&#8221;default&#8221; phone_text_alignment=&#8221;default&#8221; background_color_opacity=&#8221;1&#8243; background_hover_color_opacity=&#8221;1&#8243; column_backdrop_filter=&#8221;none&#8221; column_shadow=&#8221;none&#8221; column_border_radius=&#8221;none&#8221; column_link_target=&#8221;_self&#8221; column_position=&#8221;default&#8221; gradient_direction=&#8221;left_to_right&#8221; overlay_strength=&#8221;0.3&#8243; width=&#8221;1\/1&#8243; tablet_width_inherit=&#8221;default&#8221; animation_type=&#8221;default&#8221; bg_image_animation=&#8221;none&#8221; border_type=&#8221;simple&#8221; column_border_width=&#8221;none&#8221; column_border_style=&#8221;solid&#8221;][split_line_heading animation_type=&#8221;line-reveal-by-space&#8221; font_style=&#8221;h1&#8243; line_reveal_by_space_text_effect=&#8221;default&#8221; content_alignment=&#8221;default&#8221; mobile_content_alignment=&#8221;inherit&#8221; link_target=&#8221;_self&#8221; text_content=&#8221;Selguse sessioon (NLP baasil)&#8221; text_direction=&#8221;default&#8221;][\/split_line_heading][\/vc_column][\/vc_row][vc_row type=&#8221;full_width_background&#8221; full_screen_row_position=&#8221;middle&#8221; column_margin=&#8221;90px&#8221; column_direction=&#8221;default&#8221; column_direction_tablet=&#8221;default&#8221; column_direction_phone=&#8221;default&#8221; bg_color=&#8221;#ffffff&#8221; scene_position=&#8221;center&#8221; bottom_padding=&#8221;4%&#8221; text_color=&#8221;dark&#8221; text_align=&#8221;left&#8221; row_border_radius=&#8221;none&#8221; row_border_radius_applies=&#8221;bg&#8221; overflow=&#8221;visible&#8221; overlay_strength=&#8221;0.3&#8243; gradient_direction=&#8221;left_to_right&#8221; shape_divider_position=&#8221;bottom&#8221; bg_image_animation=&#8221;none&#8221; shape_type=&#8221;&#8221; gradient_type=&#8221;default&#8221;][vc_column column_padding=&#8221;padding-5-percent&#8221; column_padding_tablet=&#8221;inherit&#8221; column_padding_phone=&#8221;inherit&#8221; column_padding_position=&#8221;bottom&#8221; column_element_direction_desktop=&#8221;default&#8221; column_element_spacing=&#8221;default&#8221; desktop_text_alignment=&#8221;default&#8221; tablet_text_alignment=&#8221;default&#8221; phone_text_alignment=&#8221;default&#8221; background_color_opacity=&#8221;1&#8243; background_hover_color_opacity=&#8221;1&#8243; column_backdrop_filter=&#8221;none&#8221; column_shadow=&#8221;none&#8221; column_border_radius=&#8221;none&#8221; column_link_target=&#8221;_self&#8221; column_position=&#8221;default&#8221; gradient_direction=&#8221;left_to_right&#8221; overlay_strength=&#8221;0.3&#8243; width=&#8221;1\/1&#8243; tablet_width_inherit=&#8221;default&#8221; animation_type=&#8221;default&#8221; bg_image_animation=&#8221;none&#8221; border_type=&#8221;simple&#8221; column_border_width=&#8221;none&#8221; column_border_style=&#8221;solid&#8221;][vc_column_text css=&#8221;&#8221; text_direction=&#8221;default&#8221;]<b>Kellele:<\/b><\/p>\n<ul>\n<li style=\"font-weight: 400;\" aria-level=\"1\"><span style=\"font-weight: 400;\">spetsialistid, juhid, professionaalid, kellel on palju ideid, kuid puudub selge suund<\/span><\/li>\n<li style=\"font-weight: 400;\" aria-level=\"1\"><span style=\"font-weight: 400;\">need, kes tunnevad, et sisemised piirangud v\u00f5i hirmud hoiavad tagasi<\/span><\/li>\n<li style=\"font-weight: 400;\" aria-level=\"1\"><span style=\"font-weight: 400;\">need, kes soovivad teadlikku <\/span><b>l\u00e4bimurret<\/b><span style=\"font-weight: 400;\"> (uus algus, karj\u00e4\u00e4rih\u00fcpe, \u00e4risuuna avamine)<\/span><\/li>\n<\/ul>\n<p><b>Millal:<\/b><\/p>\n<ul>\n<li style=\"font-weight: 400;\" aria-level=\"1\"><span style=\"font-weight: 400;\">kui liigud korraga mitmes suunas, energia on killustunud ja tulemusi pole<\/span><\/li>\n<li style=\"font-weight: 400;\" aria-level=\"1\"><span style=\"font-weight: 400;\">otsuseid on raske teha v\u00f5i tabad end prokrastineerimast<\/span><\/li>\n<li style=\"font-weight: 400;\" aria-level=\"1\"><span style=\"font-weight: 400;\">vajad v\u00e4rsket perspektiivi eesm\u00e4rkide t\u00e4psustamiseks<\/span><span style=\"font-weight: 400;\"><br \/>\n<\/span><span style=\"font-weight: 400;\">soovid julgelt liikuda j\u00e4rgmise suure sammu poole<\/span><\/li>\n<\/ul>\n<p><b>Sisaldab:<\/b><\/p>\n<ul>\n<li style=\"font-weight: 400;\" aria-level=\"1\"><b>NLP ja alateadvuse t\u00f6\u00f6:<\/b><span style=\"font-weight: 400;\"> piiravate uskumuste lahtiharutamine, hirmude \u00fcmberprogrammeerimine, uued vaatenurgad<\/span><\/li>\n<li style=\"font-weight: 400;\" aria-level=\"1\"><b>Tugevuste ja pidurite kaardistus:<\/b><span style=\"font-weight: 400;\"> mis viib edasi ja mis tegelikult tagasi hoiab<\/span><\/li>\n<li style=\"font-weight: 400;\" aria-level=\"1\"><b>Konkurentide anal\u00fc\u00fcs:<\/b><span style=\"font-weight: 400;\"> positsioon turul, sinu eristus ja selle teadlik v\u00f5imendamine<\/span><\/li>\n<li style=\"font-weight: 400;\" aria-level=\"1\"><b>Praktilised harjutused ja strateegiad:<\/b>\n<ul>\n<li style=\"font-weight: 400;\" aria-level=\"2\"><span style=\"font-weight: 400;\">kuidas <\/span><b>\u00fchendada erinevaid projektid ja teemasid<\/b><span style=\"font-weight: 400;\"> \u00fcheks tervikuks (katuse-s\u00f5num + hierarhia)<\/span><\/li>\n<li style=\"font-weight: 400;\" aria-level=\"2\"><span style=\"font-weight: 400;\">j\u00e4rgmise sammu s\u00f5nastamine nii, et see on <\/span><b>teostatav, mitte hirmutav<\/b><\/li>\n<li style=\"font-weight: 400;\" aria-level=\"2\"><b>igann\u00e4dalase rutiini<\/b><span style=\"font-weight: 400;\"> loomine fookuse ja j\u00e4rjepidevuse hoidmiseks<\/span><\/li>\n<li style=\"font-weight: 400;\" aria-level=\"2\"><span style=\"font-weight: 400;\">vana piirava uskumuse <\/span><b>asendamine<\/b><span style=\"font-weight: 400;\"> uuega<\/span><\/li>\n<li style=\"font-weight: 400;\" aria-level=\"2\"><b>strateegia ja tegevusplaan<\/b><span style=\"font-weight: 400;\">, mida sa <\/span><b>p\u00e4riselt suudad ellu viia<\/b><\/li>\n<\/ul>\n<\/li>\n<\/ul>\n<p><b>Tulemused:<\/b><\/p>\n<ul>\n<li style=\"font-weight: 400;\" aria-level=\"1\"><b>Selgus:<\/b><span style=\"font-weight: 400;\"> tead, mis on j\u00e4rgmine samm ja kuhu energiat suunata<\/span><\/li>\n<li style=\"font-weight: 400;\" aria-level=\"1\"><b>Fookus:<\/b><span style=\"font-weight: 400;\"> eristad olulise ebaolulisest; segaduse asemel kindlus<\/span><\/li>\n<li style=\"font-weight: 400;\" aria-level=\"1\"><b>Uus seisund:<\/b><span style=\"font-weight: 400;\"> julgus ja kergus, sest toetav uskumus raamib su tegutsemist<\/span><\/li>\n<li style=\"font-weight: 400;\" aria-level=\"1\"><b>Praktiline tegevusplaan:<\/b><span style=\"font-weight: 400;\"> uued harjumused ja sammud, mida rakendad kohe<\/span><\/li>\n<\/ul>\n<p><b>Kestus:<\/b><span style=\"font-weight: 400;\"> 4 tundi<\/span><span style=\"font-weight: 400;\"><br \/>\n<\/span><b>Investeering:<\/b><span style=\"font-weight: 400;\"> 750 \u20ac + km<\/span>[\/vc_column_text][\/vc_column][\/vc_row][vc_row type=&#8221;full_width_background&#8221; full_screen_row_position=&#8221;middle&#8221; column_margin=&#8221;90px&#8221; column_direction=&#8221;default&#8221; column_direction_tablet=&#8221;default&#8221; column_direction_phone=&#8221;default&#8221; bg_color=&#8221;#f2f4fa&#8221; scene_position=&#8221;center&#8221; top_padding=&#8221;4%&#8221; constrain_group_1=&#8221;yes&#8221; bottom_padding=&#8221;4%&#8221; text_color=&#8221;dark&#8221; text_align=&#8221;left&#8221; row_border_radius=&#8221;none&#8221; row_border_radius_applies=&#8221;bg&#8221; overflow=&#8221;visible&#8221; overlay_strength=&#8221;0.3&#8243; gradient_direction=&#8221;left_to_right&#8221; shape_divider_position=&#8221;bottom&#8221; bg_image_animation=&#8221;none&#8221; shape_type=&#8221;&#8221; gradient_type=&#8221;default&#8221;][vc_column column_padding=&#8221;padding-5-percent&#8221; column_padding_tablet=&#8221;inherit&#8221; column_padding_phone=&#8221;inherit&#8221; column_padding_position=&#8221;bottom&#8221; column_element_direction_desktop=&#8221;default&#8221; column_element_spacing=&#8221;default&#8221; desktop_text_alignment=&#8221;default&#8221; tablet_text_alignment=&#8221;default&#8221; phone_text_alignment=&#8221;default&#8221; background_color_opacity=&#8221;1&#8243; background_hover_color_opacity=&#8221;1&#8243; column_backdrop_filter=&#8221;none&#8221; column_shadow=&#8221;none&#8221; column_border_radius=&#8221;none&#8221; column_link_target=&#8221;_self&#8221; column_position=&#8221;default&#8221; gradient_direction=&#8221;left_to_right&#8221; overlay_strength=&#8221;0.3&#8243; width=&#8221;1\/1&#8243; tablet_width_inherit=&#8221;default&#8221; animation_type=&#8221;default&#8221; bg_image_animation=&#8221;none&#8221; border_type=&#8221;simple&#8221; column_border_width=&#8221;none&#8221; column_border_style=&#8221;solid&#8221;][split_line_heading animation_type=&#8221;line-reveal-by-space&#8221; font_style=&#8221;h2&#8243; line_reveal_by_space_text_effect=&#8221;default&#8221; content_alignment=&#8221;default&#8221; mobile_content_alignment=&#8221;inherit&#8221; link_target=&#8221;_self&#8221; text_content=&#8221;Benefits&#8221; text_direction=&#8221;default&#8221;][\/split_line_heading][\/vc_column][\/vc_row]\n","protected":false},"excerpt":{"rendered":"<p>[vc_row type=&#8221;in_container&#8221; full_screen_row_position=&#8221;middle&#8221; column_margin=&#8221;default&#8221; column_direction=&#8221;default&#8221; column_direction_tablet=&#8221;default&#8221; column_direction_phone=&#8221;default&#8221; scene_position=&#8221;center&#8221; text_color=&#8221;dark&#8221; text_align=&#8221;left&#8221; row_border_radius=&#8221;none&#8221; row_border_radius_applies=&#8221;bg&#8221; overflow=&#8221;visible&#8221; overlay_strength=&#8221;0.3&#8243; gradient_direction=&#8221;left_to_right&#8221; shape_divider_position=&#8221;bottom&#8221; bg_image_animation=&#8221;none&#8221;][vc_column column_padding=&#8221;no-extra-padding&#8221; column_padding_tablet=&#8221;inherit&#8221; column_padding_phone=&#8221;inherit&#8221; column_padding_position=&#8221;all&#8221; column_element_direction_desktop=&#8221;default&#8221; column_element_spacing=&#8221;default&#8221; desktop_text_alignment=&#8221;default&#8221; tablet_text_alignment=&#8221;default&#8221; phone_text_alignment=&#8221;default&#8221; background_color_opacity=&#8221;1&#8243; background_hover_color_opacity=&#8221;1&#8243; column_backdrop_filter=&#8221;none&#8221; column_shadow=&#8221;none&#8221;&#8230;<\/p>\n","protected":false},"author":9,"featured_media":0,"parent":7233,"menu_order":0,"comment_status":"closed","ping_status":"closed","template":"","meta":{"footnotes":""},"class_list":["post-7254","page","type-page","status-publish"],"_links":{"self":[{"href":"https:\/\/olesijasaue.com\/et\/wp-json\/wp\/v2\/pages\/7254","targetHints":{"allow":["GET"]}}],"collection":[{"href":"https:\/\/olesijasaue.com\/et\/wp-json\/wp\/v2\/pages"}],"about":[{"href":"https:\/\/olesijasaue.com\/et\/wp-json\/wp\/v2\/types\/page"}],"author":[{"embeddable":true,"href":"https:\/\/olesijasaue.com\/et\/wp-json\/wp\/v2\/users\/9"}],"replies":[{"embeddable":true,"href":"https:\/\/olesijasaue.com\/et\/wp-json\/wp\/v2\/comments?post=7254"}],"version-history":[{"count":4,"href":"https:\/\/olesijasaue.com\/et\/wp-json\/wp\/v2\/pages\/7254\/revisions"}],"predecessor-version":[{"id":7258,"href":"https:\/\/olesijasaue.com\/et\/wp-json\/wp\/v2\/pages\/7254\/revisions\/7258"}],"up":[{"embeddable":true,"href":"https:\/\/olesijasaue.com\/et\/wp-json\/wp\/v2\/pages\/7233"}],"wp:attachment":[{"href":"https:\/\/olesijasaue.com\/et\/wp-json\/wp\/v2\/media?parent=7254"}],"curies":[{"name":"wp","href":"https:\/\/api.w.org\/{rel}","templated":true}]}}